{"id":245,"date":"2026-02-11T06:57:59","date_gmt":"2026-02-11T06:57:59","guid":{"rendered":"https:\/\/isbmsystem.com\/?post_type=product&#038;p=245"},"modified":"2026-02-11T07:22:58","modified_gmt":"2026-02-11T07:22:58","slug":"full-serv-4-station-one-step-isbm-machines","status":"publish","type":"product","link":"https:\/\/isbmsystem.com\/tr\/urun\/full-serv-4-station-one-step-isbm-machines\/","title":{"rendered":"Tam Servis 4 \u0130stasyonlu Tek Ad\u0131ml\u0131 ISBM Makineleri"},"content":{"rendered":"<div class=\"main\">\n<div id=\"c_static_001-1683795880247\" class=\"response-animated\">\n<div class=\"e_container-1 s_layout response-transition\">\n<div class=\"cbox-1-0 p_item\">\n<div class=\"e_richText-2 s_title clearfix response-transition\">\n<table style=\"width: 98.0161%;\" border=\"1\" cellspacing=\"0\" cellpadding=\"15\" align=\"center\">\n<colgroup>\n<col \/>\n<col \/>\n<col \/>\n<col span=\"6\" \/><\/colgroup>\n<tbody>\n<tr>\n<td style=\"width: 54.3169%;\" colspan=\"2\"><strong>\u578b\u53f7 modeli<\/strong><\/td>\n<td style=\"width: 9.94536%;\"><strong>Birim<\/strong><\/td>\n<td style=\"width: 35.6284%;\" colspan=\"6\"><strong>EPY50-V3-EV<\/strong><\/td>\n<\/tr>\n<tr>\n<td style=\"width: 17.0492%;\" rowspan=\"6\">Bir ba\u015fka deyi\u015fle<br \/>\nKonteyner<\/td>\n<td style=\"width: 37.2678%;\">Bo\u015fluk<\/td>\n<td style=\"width: 9.94536%;\">HAYIR.<\/td>\n<td style=\"width: 6.01093%;\">1<\/td>\n<td style=\"width: 5.57377%;\">2<\/td>\n<td style=\"width: 5.57377%;\">3<\/td>\n<td style=\"width: 6.44809%;\">4<\/td>\n<td style=\"width: 6.44809%;\">5<\/td>\n<td style=\"width: 5.57377%;\">6<\/td>\n<\/tr>\n<tr>\n<td style=\"width: 37.2678%;\">Maksimum Maksimum. \u00c7ap<\/td>\n<td style=\"width: 9.94536%;\">mm<\/td>\n<td style=\"width: 6.01093%;\">100<\/td>\n<td style=\"width: 5.57377%;\">90<\/td>\n<td style=\"width: 5.57377%;\">64<\/td>\n<td style=\"width: 6.44809%;\">45<\/td>\n<td style=\"width: 6.44809%;\">35<\/td>\n<td style=\"width: 5.57377%;\">28<\/td>\n<\/tr>\n<tr>\n<td style=\"width: 37.2678%;\">Maksimum Maksimum. Y\u00fckseklik<\/td>\n<td style=\"width: 9.94536%;\">mm<\/td>\n<td style=\"width: 35.6284%;\" colspan=\"6\">200<\/td>\n<\/tr>\n<tr>\n<td style=\"width: 37.2678%;\">Maks. Boyun \u00c7ap\u0131<\/td>\n<td style=\"width: 9.94536%;\">mm<\/td>\n<td style=\"width: 6.01093%;\">60<\/td>\n<td style=\"width: 5.57377%;\">38<\/td>\n<td style=\"width: 5.57377%;\">30<\/td>\n<td style=\"width: 6.44809%;\">27<\/td>\n<td style=\"width: 6.44809%;\">20<\/td>\n<td style=\"width: 5.57377%;\">17<\/td>\n<\/tr>\n<tr>\n<td style=\"width: 37.2678%;\">Maksimum de\u011fer Maks. A\u011f\u0131rl\u0131k<\/td>\n<td style=\"width: 9.94536%;\">G<\/td>\n<td style=\"width: 6.01093%;\">105<\/td>\n<td style=\"width: 5.57377%;\">50<\/td>\n<td style=\"width: 5.57377%;\">35<\/td>\n<td style=\"width: 6.44809%;\">28<\/td>\n<td style=\"width: 6.44809%;\">22<\/td>\n<td style=\"width: 5.57377%;\">18<\/td>\n<\/tr>\n<tr>\n<td style=\"width: 37.2678%;\">Maks. Kapasite<\/td>\n<td style=\"width: 9.94536%;\">L<\/td>\n<td style=\"width: 6.01093%;\">2.5<\/td>\n<td style=\"width: 5.57377%;\">1.5<\/td>\n<td style=\"width: 5.57377%;\">0.6<\/td>\n<td style=\"width: 6.44809%;\">0.25<\/td>\n<td style=\"width: 6.44809%;\">0.15<\/td>\n<td style=\"width: 5.57377%;\">0.1<\/td>\n<\/tr>\n<tr>\n<td style=\"width: 17.0492%;\" rowspan=\"5\">\u6ce8\u5c04\u88c5\u7f6e<br \/>\nEnjeksiyon cihaz\u0131<\/td>\n<td style=\"width: 37.2678%;\">Vida \u00c7ap\u0131<\/td>\n<td style=\"width: 9.94536%;\">mm<\/td>\n<td style=\"width: 35.6284%;\" colspan=\"6\">40<\/td>\n<\/tr>\n<tr>\n<td style=\"width: 37.2678%;\">Teorik Enjeksiyon Kapasitesi<\/td>\n<td style=\"width: 9.94536%;\">G<\/td>\n<td style=\"width: 35.6284%;\" colspan=\"6\">183<\/td>\n<\/tr>\n<tr>\n<td style=\"width: 37.2678%;\">Enjeksiyon Stroku<\/td>\n<td style=\"width: 9.94536%;\">mm<\/td>\n<td style=\"width: 35.6284%;\" colspan=\"6\">160<\/td>\n<\/tr>\n<tr>\n<td style=\"width: 37.2678%;\">Enjeksiyon Bas\u0131nc\u0131<\/td>\n<td style=\"width: 9.94536%;\">MPa<\/td>\n<td style=\"width: 35.6284%;\" colspan=\"6\">210<\/td>\n<\/tr>\n<tr>\n<td style=\"width: 37.2678%;\">Vida H\u0131z\u0131<\/td>\n<td style=\"width: 9.94536%;\">RPM<\/td>\n<td style=\"width: 35.6284%;\" colspan=\"6\">0-240<\/td>\n<\/tr>\n<tr>\n<td style=\"width: 17.0492%;\" rowspan=\"3\">\u6ce8\u5851\u5de5\u4f4d<br \/>\nEnjeksiyon<\/td>\n<td style=\"width: 37.2678%;\">Enjeksiyon S\u0131kma Kuvveti<\/td>\n<td style=\"width: 9.94536%;\">KN<\/td>\n<td style=\"width: 35.6284%;\" colspan=\"6\">50<\/td>\n<\/tr>\n<tr>\n<td style=\"width: 37.2678%;\">\u4e0a\u6a21\u884c\u7a0b \u00dcst Kal\u0131p Darbesi<\/td>\n<td style=\"width: 9.94536%;\">mm<\/td>\n<td style=\"width: 35.6284%;\" colspan=\"6\">250<\/td>\n<\/tr>\n<tr>\n<td style=\"width: 37.2678%;\">\u4e0b\u6a21\u884c\u7a0b Alt Kal\u0131p Darbesi<\/td>\n<td style=\"width: 9.94536%;\">mm<\/td>\n<td style=\"width: 35.6284%;\" colspan=\"6\">250<\/td>\n<\/tr>\n<tr>\n<td style=\"width: 17.0492%;\" rowspan=\"2\">\u8c03\u6e29\u5de5\u4f4d<br \/>\nS\u0131cakl\u0131k kontrol\u00fc<\/td>\n<td style=\"width: 37.2678%;\">S\u0131cakl\u0131k D\u00fczenleyici \u00c7ekirdek Stroku<\/td>\n<td style=\"width: 9.94536%;\">mm<\/td>\n<td style=\"width: 35.6284%;\" colspan=\"6\"><\/td>\n<\/tr>\n<tr>\n<td style=\"width: 37.2678%;\">S\u0131cakl\u0131k D\u00fczenleme Namlu Stroku<\/td>\n<td style=\"width: 9.94536%;\">mm<\/td>\n<td style=\"width: 35.6284%;\" colspan=\"6\"><\/td>\n<\/tr>\n<tr>\n<td style=\"width: 17.0492%;\" rowspan=\"3\">\u62c9\u4f38\u5439\u5851\u5de5\u4f4d<br \/>\nGerme-\u00dcfleme<\/td>\n<td style=\"width: 37.2678%;\">Darbe S\u0131kma Kuvveti<\/td>\n<td style=\"width: 9.94536%;\">KN<\/td>\n<td style=\"width: 35.6284%;\" colspan=\"6\">70<\/td>\n<\/tr>\n<tr>\n<td style=\"width: 37.2678%;\">\u00dcfleme \u00c7ekirdek \u0130nme<\/td>\n<td style=\"width: 9.94536%;\">mm<\/td>\n<td style=\"width: 35.6284%;\" colspan=\"6\">200<\/td>\n<\/tr>\n<tr>\n<td style=\"width: 37.2678%;\">\u015ei\u015firme Kal\u0131plama \u0130nme<\/td>\n<td style=\"width: 9.94536%;\">mm<\/td>\n<td style=\"width: 35.6284%;\" colspan=\"6\">50+50<\/td>\n<\/tr>\n<tr>\n<td style=\"width: 17.0492%;\">\u53d6\u51fa\u5de5\u4f4d<br \/>\nKal\u0131ptan \u00e7\u0131karma<\/td>\n<td style=\"width: 37.2678%;\">\u53d6\u51fa\u884c\u7a0b Take-out Stroke<\/td>\n<td style=\"width: 9.94536%;\">mm<\/td>\n<td style=\"width: 35.6284%;\" colspan=\"6\">170<\/td>\n<\/tr>\n<tr>\n<td style=\"width: 17.0492%;\">\u6cb9\u7bb1\u5bb9\u91cf<br \/>\nPetrol Tank\u0131 Kapasitesi<\/td>\n<td style=\"width: 37.2678%;\"><\/td>\n<td style=\"width: 9.94536%;\">L<\/td>\n<td style=\"width: 35.6284%;\" colspan=\"6\"><\/td>\n<\/tr>\n<tr>\n<td style=\"width: 17.0492%;\" rowspan=\"2\">\u673a\u53f0\u89c4\u683c<br \/>\nMakine<\/td>\n<td style=\"width: 37.2678%;\">Boyut (L*G*Y)<\/td>\n<td style=\"width: 9.94536%;\">mm<\/td>\n<td style=\"width: 35.6284%;\" colspan=\"6\">3800*1200*2600<\/td>\n<\/tr>\n<tr>\n<td style=\"width: 37.2678%;\">A\u011f\u0131rl\u0131k<\/td>\n<td style=\"width: 9.94536%;\">kilogram<\/td>\n<td style=\"width: 35.6284%;\" colspan=\"6\">3000<\/td>\n<\/tr>\n<\/tbody>\n<\/table>\n<div style=\"font-family: 'Helvetica Neue', Helvetica, Arial, sans-serif; color: #333; line-height: 1.6; max-width: 100%; margin: 0 auto; background-color: #fff;\">\n<div style=\"text-align: center; margin-bottom: 40px; padding: 40px 20px; background: linear-gradient(to bottom, #f0f8ff, #ffffff);\">\n<h2 style=\"color: #004080; font-size: 20px; margin-top: 0; font-weight: 400;\">Available in Standard (EPY150-V4) and All-Servo Electric (EPYS150-V4-EV) Models<\/h2>\n<p style=\"font-size: 18px; color: #555; max-width: 900px; margin: 20px auto 0;\">O <strong>EPY150-V4 series<\/strong> represents the pinnacle of 4-station one-step injection stretch blow molding technology. Whether you need the cost-effective hydraulic precision of the standard model or the high-speed, oil-free cleanliness of the <strong>All-Servo EV model<\/strong>, Ever-Power has the solution. Both models are fully <strong>compatible with ASB-12M molds<\/strong>.<\/p>\n<\/div>\n<div style=\"display: flex; flex-wrap: wrap; gap: 40px; margin-bottom: 60px; max-width: 1200px; margin-left: auto; margin-right: auto; padding: 0 20px;\">\n<div style=\"flex: 1; min-width: 300px; border: 1px solid #eee; border-radius: 8px; padding: 20px; box-shadow: 0 4px 10px rgba(0,0,0,0.05);\">\n<h3 style=\"color: #0056b3; margin-top: 0;\">Standard Model: EPY150-V4<\/h3>\n<p><img decoding=\"async\" style=\"width: 100%; height: auto; border-radius: 8px; margin-bottom: 15px;\" src=\"https:\/\/isbmsystem.com\/wp-content\/uploads\/2026\/02\/0-ISBM-machine-8.webp\" alt=\"EPY150-V4 One Step Injection Stretch Blow Molding Machine\" \/><\/p>\n<p><strong>The Reliable Workhorse.<\/strong> Using 3 sets of servo pump systems, the EPY150-V4 offers stability and energy efficiency for standard production needs. Ideal for manufacturers scaling up from manual to automatic production.<\/p>\n<ul style=\"font-size: 14px; color: #555; padding-left: 20px;\">\n<li>Servo Pump System: 3 Sets<\/li>\n<li>Total Power: 53.2 KW<\/li>\n<li>Compact Footprint: 4.2m x 1.4m<\/li>\n<\/ul>\n<\/div>\n<div style=\"flex: 1; min-width: 300px; border: 1px solid #eee; border-radius: 8px; padding: 20px; box-shadow: 0 4px 10px rgba(0,0,0,0.05); background-color: #fcfcfc;\">\n<h3 style=\"color: #0056b3; margin-top: 0;\">All-Servo Model: EPYS150-V4-EV<\/h3>\n<p><img decoding=\"async\" style=\"width: 100%; height: auto; border-radius: 8px; margin-bottom: 15px;\" src=\"https:\/\/isbmsystem.com\/wp-content\/uploads\/2026\/02\/0-ISBM-machine-3.webp\" alt=\"EPYS150-V4-EV All Servo Electric ISBM Machine\" \/><\/p>\n<p><strong>The High-Performance Choice.<\/strong> Featuring <strong>10 sets of servo motor control systems<\/strong>, the EV model delivers unmatched speed, precision, and cleanliness (no hydraulic oil leaks), making it perfect for medical and premium cosmetic applications.<\/p>\n<ul style=\"font-size: 14px; color: #555; padding-left: 20px;\">\n<li>Full Servo Control: 10 Sets<\/li>\n<li>High Speed: 350 RPM Screw Speed<\/li>\n<li>Larger Operating Space: 5.2m x 1.8m<\/li>\n<\/ul>\n<\/div>\n<\/div>\n<div style=\"text-align: center; margin-bottom: 50px;\"><a style=\"background-color: #0056b3; color: #ffffff; padding: 15px 40px; text-decoration: none; border-radius: 5px; font-weight: bold; font-size: 18px; box-shadow: 0 4px 6px rgba(0,0,0,0.2);\" href=\"https:\/\/isbmsystem.com\/tr\/bize-ulasin\/\">Compare Models &amp; Get a Quote<\/a><\/div>\n<div style=\"background-color: #f9fcff; padding: 40px 20px; margin-bottom: 50px;\">\n<div style=\"max-width: 1200px; margin: 0 auto;\">\n<h2 style=\"color: #004080; text-align: center; margin-bottom: 30px;\">Specification Comparison: EPY150 Series<\/h2>\n<p style=\"text-align: center; font-size: 14px; color: #666; margin-bottom: 20px;\">(Tablonun tamam\u0131n\u0131 mobil cihazda g\u00f6r\u00fcnt\u00fclemek i\u00e7in sola\/sa\u011fa kayd\u0131r\u0131n)<\/p>\n<div style=\"overflow-x: auto; box-shadow: 0 2px 10px rgba(0,0,0,0.05); border-radius: 8px; background: #fff;\">\n<table style=\"width: 100%; border-collapse: collapse; min-width: 900px; font-size: 15px;\">\n<thead>\n<tr style=\"background-color: #0056b3; color: white;\">\n<th style=\"padding: 15px; text-align: left; border-right: 1px solid #4a8bc2;\">Parameter \/ Model<\/th>\n<th style=\"padding: 15px; text-align: center; border-right: 1px solid #4a8bc2; background-color: #004494;\">Standard: EPY150-V4<\/th>\n<th style=\"padding: 15px; text-align: center; background-color: #0066cc;\">All-Servo: EPYS150-V4-EV<\/th>\n<\/tr>\n<\/thead>\n<tbody>\n<tr style=\"background-color: #eef6fc;\">\n<td style=\"padding: 10px; font-weight: bold; color: #004080;\" colspan=\"3\">Key Differences<\/td>\n<\/tr>\n<tr>\n<td style=\"padding: 12px; border-bottom: 1px solid #eee;\"><strong>Drive System<\/strong><\/td>\n<td style=\"padding: 12px; border-bottom: 1px solid #eee; text-align: center;\">3 Sets Servo Pump System<\/td>\n<td style=\"padding: 12px; border-bottom: 1px solid #eee; text-align: center;\"><strong>10 Sets Servo Motor System<\/strong><\/td>\n<\/tr>\n<tr>\n<td style=\"padding: 12px; border-bottom: 1px solid #eee;\"><strong>Toplam G\u00fc\u00e7<\/strong><\/td>\n<td style=\"padding: 12px; border-bottom: 1px solid #eee; text-align: center;\">53.2 KW<\/td>\n<td style=\"padding: 12px; border-bottom: 1px solid #eee; text-align: center;\">112.8 KW<\/td>\n<\/tr>\n<tr>\n<td style=\"padding: 12px; border-bottom: 1px solid #eee;\"><strong>Screw Speed<\/strong><\/td>\n<td style=\"padding: 12px; border-bottom: 1px solid #eee; text-align: center;\">150 &#8211; 270 r\/min<\/td>\n<td style=\"padding: 12px; border-bottom: 1px solid #eee; text-align: center;\"><strong>350 r\/min<\/strong> (Faster Cycle)<\/td>\n<\/tr>\n<tr>\n<td style=\"padding: 12px; border-bottom: 1px solid #eee;\"><strong>Machine Size (L*W*H)<\/strong><\/td>\n<td style=\"padding: 12px; border-bottom: 1px solid #eee; text-align: center;\">4200 x 1400 x 2900 mm<\/td>\n<td style=\"padding: 12px; border-bottom: 1px solid #eee; text-align: center;\">5200 x 1800 x 3300 mm<\/td>\n<\/tr>\n<tr>\n<td style=\"padding: 12px; border-bottom: 1px solid #eee;\"><strong>Weight<\/strong><\/td>\n<td style=\"padding: 12px; border-bottom: 1px solid #eee; text-align: center;\">6 Tons<\/td>\n<td style=\"padding: 12px; border-bottom: 1px solid #eee; text-align: center;\">7 Tons<\/td>\n<\/tr>\n<tr style=\"background-color: #eef6fc;\">\n<td style=\"padding: 10px; font-weight: bold; color: #004080;\" colspan=\"3\">Common Specifications<\/td>\n<\/tr>\n<tr>\n<td style=\"padding: 12px; border-bottom: 1px solid #eee;\">Applicable Material<\/td>\n<td style=\"padding: 12px; border-bottom: 1px solid #eee; text-align: center;\" colspan=\"2\">PET \/ PETG \/ PP \/ PC \/ Tritan<\/td>\n<\/tr>\n<tr>\n<td style=\"padding: 12px; border-bottom: 1px solid #eee;\">Screw Diameter Options<\/td>\n<td style=\"padding: 12px; border-bottom: 1px solid #eee; text-align: center;\" colspan=\"2\">40mm \/ 50mm (Standard) \/ 55mm<\/td>\n<\/tr>\n<tr>\n<td style=\"padding: 12px; border-bottom: 1px solid #eee;\">Enjeksiyon S\u0131k\u0131\u015ft\u0131rma Kuvveti<\/td>\n<td style=\"padding: 12px; border-bottom: 1px solid #eee; text-align: center;\" colspan=\"2\">150 KN<\/td>\n<\/tr>\n<tr>\n<td style=\"padding: 12px; border-bottom: 1px solid #eee;\">\u00dcfleme S\u0131k\u0131\u015ft\u0131rma Kuvveti<\/td>\n<td style=\"padding: 12px; border-bottom: 1px solid #eee; text-align: center;\" colspan=\"2\">200 KN<\/td>\n<\/tr>\n<tr>\n<td style=\"padding: 12px; border-bottom: 1px solid #eee;\">Mold Compatibility<\/td>\n<td style=\"padding: 12px; border-bottom: 1px solid #eee; text-align: center;\" colspan=\"2\"><strong>Compatible with Japanese ASB-12M Molds<\/strong><\/td>\n<\/tr>\n<tr style=\"background-color: #eef6fc;\">\n<td style=\"padding: 10px; font-weight: bold; color: #004080;\" colspan=\"3\">Product Dimensions (Max)<\/td>\n<\/tr>\n<tr>\n<td style=\"padding: 12px; border-bottom: 1px solid #eee;\">1 Cavity<\/td>\n<td style=\"padding: 12px; border-bottom: 1px solid #eee; text-align: center;\" colspan=\"2\">2.5L (118mm Dia)<\/td>\n<\/tr>\n<tr>\n<td style=\"padding: 12px; border-bottom: 1px solid #eee;\">4 Cavities<\/td>\n<td style=\"padding: 12px; border-bottom: 1px solid #eee; text-align: center;\" colspan=\"2\">400ml (56mm Dia)<\/td>\n<\/tr>\n<tr>\n<td style=\"padding: 12px; border-bottom: 1px solid #eee;\">8 Cavities<\/td>\n<td style=\"padding: 12px; border-bottom: 1px solid #eee; text-align: center;\" colspan=\"2\">20ml (26mm Dia)<\/td>\n<\/tr>\n<\/tbody>\n<\/table>\n<\/div>\n<\/div>\n<\/div>\n<div style=\"max-width: 1200px; margin: 0 auto 60px auto; padding: 25px; border: 1px solid #dcdcdc; border-radius: 10px; display: flex; flex-wrap: wrap; align-items: center; gap: 30px; background-color: #fff;\">\n<div style=\"flex: 2; min-width: 300px;\">\n<h2 style=\"color: #004080; font-size: 24px;\">Critical Accessory: Oil-Free High Pressure Air<\/h2>\n<p style=\"color: #555;\">O <strong>tek a\u015famal\u0131 \u015fi\u015fe \u00fcfleme ekipman\u0131<\/strong> process requires high-pressure air (2.0 &#8211; 3.5 Mpa) to form the bottle. For the <strong>EPYS150-V4-EV<\/strong>, which is often chosen for its clean, oil-free operation in cleanrooms, the air source must be equally pure.<\/p>\n<p style=\"color: #555;\">Ever-Power recommends and supplies matching <strong>Ya\u011fs\u0131z Vidal\u0131 Hava Kompres\u00f6rleri<\/strong>. Using oil-free air prevents contamination of the bottle interior, which is strictly required for pharmaceutical and baby bottle production, protecting your brand reputation and consumer safety.<\/p>\n<\/div>\n<div style=\"flex: 1; min-width: 250px; text-align: center;\"><img decoding=\"async\" style=\"width: 100%; max-width: 350px; height: auto; border-radius: 8px;\" src=\"https:\/\/isbmsystem.com\/wp-content\/uploads\/2026\/02\/Oil-Free-Screw-Air-Compressor-for-PET-Bottle-Blowing-Machine2.webp\" alt=\"PET \u015ei\u015fe \u00dcfleme \u0130\u00e7in Ya\u011fs\u0131z Vidal\u0131 Hava Kompres\u00f6r\u00fc\" \/><\/p>\n<p style=\"font-size: 13px; color: #888; margin-top: 5px;\">Class 0 Oil-Free Air Compressor<\/p>\n<\/div>\n<\/div>\n<div style=\"max-width: 1200px; margin: 0 auto 60px auto; padding: 0 20px;\">\n<h2 style=\"color: #004080; border-bottom: 2px solid #0056b3; padding-bottom: 10px; margin-bottom: 30px;\">Applications: EPY150 Series<\/h2>\n<div style=\"display: flex; flex-wrap: wrap; gap: 40px;\">\n<div style=\"flex: 1; min-width: 300px;\">\n<p>The EPY150-V4 series specializes in high-quality, defect-free containers. The 4-station design includes a dedicated <strong>conditioning station<\/strong>, allowing for precise temperature regulation before blowing.<\/p>\n<ul style=\"color: #444; margin-bottom: 20px;\">\n<li><strong>\u0130la\u00e7lar:<\/strong> Eye drop bottles (8 cavities), pill bottles, and syrup containers requiring precise neck finishes.<\/li>\n<li><strong>Premium Cosmetics:<\/strong> Heavy-wall PETG bottles for mascara, lip gloss, and lotions that require the &#8220;glass-like&#8221; look without the weight.<\/li>\n<li><strong>Baby Care:<\/strong> PPSU and PC baby bottles. The <strong>EPYS150-V4-EV<\/strong> is particularly recommended here for its oil-free molding environment.<\/li>\n<li><strong>Food &amp; Beverage:<\/strong> Wide-mouth jars and spice containers.<\/li>\n<\/ul>\n<\/div>\n<div style=\"flex: 1; min-width: 300px;\"><img decoding=\"async\" style=\"width: 100%; height: auto; border-radius: 8px; margin-bottom: 10px;\" src=\"https:\/\/isbmsystem.com\/wp-content\/uploads\/2026\/02\/0-ISBM-machine-Finished-bottle-Display.webp\" alt=\"ISBM Finished Bottles\" \/><\/p>\n<div style=\"display: flex; gap: 10px;\"><img decoding=\"async\" style=\"width: 48%; height: auto; border-radius: 4px;\" src=\"https:\/\/isbmsystem.com\/wp-content\/uploads\/2026\/02\/Specially-Shaped-Bottles.webp\" alt=\"Special Shaped Bottles\" \/><br \/>\n<img decoding=\"async\" style=\"width: 48%; height: auto; border-radius: 4px;\" src=\"https:\/\/isbmsystem.com\/wp-content\/uploads\/2026\/02\/0-ISBM-machine-13.webp\" alt=\"ISBM Machine Detail\" \/><\/div>\n<\/div>\n<\/div>\n<\/div>\n<div style=\"background-color: #fff; padding: 40px 20px; border-top: 4px solid #0056b3;\">\n<div style=\"max-width: 1000px; margin: 0 auto;\">\n<h2 style=\"color: #004080; text-align: center; margin-bottom: 30px;\">S\u0131k\u00e7a Sorulan Sorular<\/h2>\n<div style=\"margin-bottom: 25px;\">\n<h3 style=\"color: #0056b3; font-size: 18px; margin-bottom: 5px;\">1. What is the main difference between the EPY150-V4 and EPYS150-V4-EV?<\/h3>\n<p style=\"color: #555; margin-top: 0;\">The EPY150-V4 uses a hybrid system with 3 servo pumps for hydraulic movements. The EPYS150-V4-EV is a <strong>fully electric machine<\/strong> using 10 sets of servo motors for all movements. The EV version is cleaner (no oil), faster, more precise, and energy-efficient, but has a higher initial investment.<\/p>\n<\/div>\n<div style=\"margin-bottom: 25px;\">\n<h3 style=\"color: #0056b3; font-size: 18px; margin-bottom: 5px;\">2. I have molds for a Japanese ASB-12M machine. Will they fit?<\/h3>\n<p style=\"color: #555; margin-top: 0;\">Yes. Both the EPY150-V4 and EPYS150-V4-EV are specifically designed to be <strong>Japon ASB-12M kal\u0131plar\u0131yla uyumlu<\/strong>. You can transfer your production to our Ever-Power machine without buying new molds.<\/p>\n<\/div>\n<div style=\"margin-bottom: 25px;\">\n<h3 style=\"color: #0056b3; font-size: 18px; margin-bottom: 5px;\">3. Can this machine produce flat or oval bottles?<\/h3>\n<p style=\"color: #555; margin-top: 0;\">Yes. The machine features a 4-station rotary table: Injection, <strong>Conditioning<\/strong>, Stretch-Blow, and Ejection. The Conditioning station allows for temperature adjustment (heating or cooling specific zones), which is essential for successfully blowing non-round shapes like flat or oval cosmetic bottles.<\/p>\n<\/div>\n<div style=\"margin-bottom: 25px;\">\n<h3 style=\"color: #0056b3; font-size: 18px; margin-bottom: 5px;\">4. What brand of components do you use?<\/h3>\n<p style=\"color: #555; margin-top: 0;\">We use top-tier global components. The turntable motor is from <strong>Yaskawa (Japan)<\/strong>, high-pressure valves from <strong>Parker (ABD)<\/strong>, servo systems from Inovance, and lead screws from <strong>NSK (Japan)<\/strong>. This ensures long-term reliability.<\/p>\n<\/div>\n<div style=\"margin-bottom: 25px;\">\n<h3 style=\"color: #0056b3; font-size: 18px; margin-bottom: 5px;\">5. How much energy does the EV model save?<\/h3>\n<p style=\"color: #555; margin-top: 0;\">The EPYS150-V4-EV uses servo motors that only consume power when moving. Combined with the <strong>Nano-far-infrared heating rings<\/strong> (10KW) on the screw and the elimination of hydraulic idling, it significantly reduces energy consumption compared to traditional hydraulic systems.<\/p>\n<\/div>\n<\/div>\n<\/div>\n<div style=\"text-align: center; margin-top: 50px; margin-bottom: 30px;\">\n<p style=\"font-size: 20px; color: #333; margin-bottom: 25px; font-weight: bold;\">Upgrade to Ever-Power Precision Today<\/p>\n<div style=\"display: flex; justify-content: center; gap: 20px; flex-wrap: wrap;\"><a style=\"background-color: #0056b3; color: white; padding: 15px 35px; text-decoration: none; border-radius: 5px; font-weight: bold; border: 2px solid #0056b3;\" href=\"https:\/\/isbmsystem.com\/tr\/bize-ulasin\/\">Fiyat Teklifi \u0130steyin<\/a><br \/>\n<a style=\"background-color: #fff; color: #0056b3; padding: 15px 35px; text-decoration: none; border-radius: 5px; font-weight: bold; border: 2px solid #0056b3; transition: all 0.3s;\" href=\"https:\/\/isbmsystem.com\/tr\/product-category\/isbm-machine\/\">Daha Fazla Model G\u00f6r\u00fcnt\u00fcle<\/a><\/div>\n<\/div>\n<\/div>\n<\/div>\n<\/div>\n<\/div>\n<\/div>\n<\/div>","protected":false},"excerpt":{"rendered":"<p>Discover the EPY150-V4 &amp; EPYS150-V4-EV One-Step Injection Stretch Blow Molding Machines. 4-Station design, ASB-12M mold compatibility, and full-servo options for premium PET\/PC bottles.<\/p>","protected":false},"featured_media":246,"template":"","meta":{"_et_pb_use_builder":"","_et_pb_old_content":"","_et_gb_content_width":""},"product_brand":[],"product_cat":[20],"product_tag":[22,21],"class_list":{"0":"post-245","1":"product","2":"type-product","3":"status-publish","4":"has-post-thumbnail","6":"product_cat-isbm-machine","7":"product_tag-isbm-machine","8":"product_tag-one-step-injection-stretch-blow-molding-machine","10":"first","11":"instock","12":"shipping-taxable","13":"product-type-simple"},"_links":{"self":[{"href":"https:\/\/isbmsystem.com\/tr\/wp-json\/wp\/v2\/product\/245","targetHints":{"allow":["GET"]}}],"collection":[{"href":"https:\/\/isbmsystem.com\/tr\/wp-json\/wp\/v2\/product"}],"about":[{"href":"https:\/\/isbmsystem.com\/tr\/wp-json\/wp\/v2\/types\/product"}],"wp:featuredmedia":[{"embeddable":true,"href":"https:\/\/isbmsystem.com\/tr\/wp-json\/wp\/v2\/media\/246"}],"wp:attachment":[{"href":"https:\/\/isbmsystem.com\/tr\/wp-json\/wp\/v2\/media?parent=245"}],"wp:term":[{"taxonomy":"product_brand","embeddable":true,"href":"https:\/\/isbmsystem.com\/tr\/wp-json\/wp\/v2\/product_brand?post=245"},{"taxonomy":"product_cat","embeddable":true,"href":"https:\/\/isbmsystem.com\/tr\/wp-json\/wp\/v2\/product_cat?post=245"},{"taxonomy":"product_tag","embeddable":true,"href":"https:\/\/isbmsystem.com\/tr\/wp-json\/wp\/v2\/product_tag?post=245"}],"curies":[{"name":"wp","href":"https:\/\/api.w.org\/{rel}","templated":true}]}}